{"id":1908,"date":"2021-07-15T09:14:29","date_gmt":"2021-07-15T07:14:29","guid":{"rendered":"https:\/\/miradorio.com\/producto\/tussio-2022-igp-vinos-de-la-costa-de-cantabria\/"},"modified":"2023-11-29T16:43:39","modified_gmt":"2023-11-29T15:43:39","slug":"tussio-2022-igp-vinos-de-la-costa-de-cantabria","status":"publish","type":"product","link":"https:\/\/miradorio.com\/en\/producto\/tussio-2022-igp-vinos-de-la-costa-de-cantabria\/","title":{"rendered":"Tussio 2022 &#8211; IGP Vinos de la Costa De Cantabria"},"content":{"rendered":"<p><img decoding=\"async\" class=\"alignnone size-full wp-image-6057\" src=\"https:\/\/miradorio.com\/wp-content\/uploads\/2023\/10\/ic-vista-1.png\" alt=\"\" width=\"61\" height=\"57\" \/> Lemon coloured. <img decoding=\"async\" class=\"alignnone size-full wp-image-6055\" src=\"https:\/\/miradorio.com\/wp-content\/uploads\/2023\/10\/ic-aroma-1.png\" alt=\"\" width=\"61\" height=\"56\" \/> With notable fruity, citric, apple and subtle floral aromas. <img decoding=\"async\" class=\"alignnone size-full wp-image-6056\" src=\"https:\/\/miradorio.com\/wp-content\/uploads\/2023\/10\/ic-boca-1.png\" alt=\"\" width=\"61\" height=\"57\" \/> In the mouth the feeling is fresh with a balanced and pleasant acidity. <img loading=\"lazy\" decoding=\"async\" class=\"alignnone size-full wp-image-6054\" src=\"https:\/\/miradorio.com\/wp-content\/uploads\/2023\/10\/ic_maridage-1.png\" alt=\"\" width=\"61\" height=\"56\" \/>Raw seafood, rice dishes with fish, pasta dishes with fish sauce, white fish with sauce or simply as an aperitif.<\/p>\n<p>Vineyard area: 7ha<\/p>\n","protected":false},"excerpt":{"rendered":"<h2>Tussio<\/h2>\n<p><strong>GRAPE VARIETIES<\/strong>: Albari\u00f1o and Hondarrabi Zuri | <strong>Vintage<\/strong>: 2022 | <strong>Designation<\/strong>: IGP Costa de Cantabria Wines | <strong>Winery<\/strong>: Miradorio<\/p>\n<p>Tuss\u00edo is the result of a combination of our Hondarrabi Zuri and Albari\u00f1o grape varieties.<br \/>\nOnce again, the influence of the Cantabrian Sea creates a fresh and aromatic wine with a bright colour, which leaves its mark on our palate.<\/p>\n<p><strong>Ageing<\/strong>: young wine<\/p>\n","protected":false},"featured_media":1909,"template":"","meta":[],"product_brand":[],"product_cat":[49],"product_tag":[],"class_list":{"0":"post-1908","1":"product","2":"type-product","3":"status-publish","4":"has-post-thumbnail","6":"product_cat-vinos-miradorio-en","7":"pa_bodega-miradorio-en","8":"pa_do-vino-de-la-tierra-en","9":"pa_perfecto-para-aperitivo-en","10":"pa_perfecto-para-mariscos-y-pescados-en","11":"pa_uva-albarino-en","12":"pa_uva-hondarrabi-zuri-en","13":"pa_vino-blanco-en","15":"first","16":"instock","17":"taxable","18":"shipping-taxable","19":"purchasable","20":"product-type-simple"},"yoast_head":"<!-- This site is optimized with the Yoast SEO plugin v27.4 - https:\/\/yoast.com\/product\/yoast-seo-wordpress\/ -->\n<title>Tussio 2022 - IGP Vinos de la Costa De Cantabria - Bodegas Miradorio<\/title>\n<meta name=\"robots\" content=\"index, follow, max-snippet:-1, max-image-preview:large, max-video-preview:-1\" \/>\n<link rel=\"canonical\" href=\"https:\/\/miradorio.com\/en\/producto\/tussio-2022-igp-vinos-de-la-costa-de-cantabria\/\" \/>\n<meta property=\"og:locale\" content=\"en_US\" \/>\n<meta property=\"og:type\" content=\"article\" \/>\n<meta property=\"og:title\" content=\"Tussio 2022 - IGP Vinos de la Costa De Cantabria - Bodegas Miradorio\" \/>\n<meta property=\"og:description\" content=\"Tussio GRAPE VARIETIES: Albari\u00f1o and Hondarrabi Zuri | Vintage: 2022 | Designation: IGP Costa de Cantabria Wines | Winery: Miradorio  Tuss\u00edo is the result of a combination of our Hondarrabi Zuri and Albari\u00f1o grape varieties. Once again, the influence of the Cantabrian Sea creates a fresh and aromatic wine with a bright colour, which leaves its mark on our palate.  Ageing: young wine\" \/>\n<meta property=\"og:url\" content=\"https:\/\/miradorio.com\/en\/producto\/tussio-2022-igp-vinos-de-la-costa-de-cantabria\/\" \/>\n<meta property=\"og:site_name\" content=\"Bodegas Miradorio\" \/>\n<meta property=\"article:modified_time\" content=\"2023-11-29T15:43:39+00:00\" \/>\n<meta property=\"og:image\" content=\"https:\/\/miradorio.com\/wp-content\/uploads\/2021\/07\/tussio-2020-600x900-1.jpg\" \/>\n\t<meta property=\"og:image:width\" content=\"600\" \/>\n\t<meta property=\"og:image:height\" content=\"900\" \/>\n\t<meta property=\"og:image:type\" content=\"image\/jpeg\" \/>\n<meta name=\"twitter:card\" content=\"summary_large_image\" \/>\n<meta name=\"twitter:label1\" content=\"Est. reading time\" \/>\n\t<meta name=\"twitter:data1\" content=\"2 minutes\" \/>\n<script type=\"application\/ld+json\" class=\"yoast-schema-graph\">{\"@context\":\"https:\\\/\\\/schema.org\",\"@graph\":[{\"@type\":\"WebPage\",\"@id\":\"https:\\\/\\\/miradorio.com\\\/en\\\/producto\\\/tussio-2022-igp-vinos-de-la-costa-de-cantabria\\\/\",\"url\":\"https:\\\/\\\/miradorio.com\\\/en\\\/producto\\\/tussio-2022-igp-vinos-de-la-costa-de-cantabria\\\/\",\"name\":\"Tussio 2022 - IGP Vinos de la Costa De Cantabria - Bodegas Miradorio\",\"isPartOf\":{\"@id\":\"https:\\\/\\\/miradorio.com\\\/en\\\/#website\"},\"primaryImageOfPage\":{\"@id\":\"https:\\\/\\\/miradorio.com\\\/en\\\/producto\\\/tussio-2022-igp-vinos-de-la-costa-de-cantabria\\\/#primaryimage\"},\"image\":{\"@id\":\"https:\\\/\\\/miradorio.com\\\/en\\\/producto\\\/tussio-2022-igp-vinos-de-la-costa-de-cantabria\\\/#primaryimage\"},\"thumbnailUrl\":\"https:\\\/\\\/miradorio.com\\\/wp-content\\\/uploads\\\/2021\\\/07\\\/tussio-2020-600x900-1.jpg\",\"datePublished\":\"2021-07-15T07:14:29+00:00\",\"dateModified\":\"2023-11-29T15:43:39+00:00\",\"breadcrumb\":{\"@id\":\"https:\\\/\\\/miradorio.com\\\/en\\\/producto\\\/tussio-2022-igp-vinos-de-la-costa-de-cantabria\\\/#breadcrumb\"},\"inLanguage\":\"en-US\",\"potentialAction\":[{\"@type\":\"ReadAction\",\"target\":[\"https:\\\/\\\/miradorio.com\\\/en\\\/producto\\\/tussio-2022-igp-vinos-de-la-costa-de-cantabria\\\/\"]}]},{\"@type\":\"ImageObject\",\"inLanguage\":\"en-US\",\"@id\":\"https:\\\/\\\/miradorio.com\\\/en\\\/producto\\\/tussio-2022-igp-vinos-de-la-costa-de-cantabria\\\/#primaryimage\",\"url\":\"https:\\\/\\\/miradorio.com\\\/wp-content\\\/uploads\\\/2021\\\/07\\\/tussio-2020-600x900-1.jpg\",\"contentUrl\":\"https:\\\/\\\/miradorio.com\\\/wp-content\\\/uploads\\\/2021\\\/07\\\/tussio-2020-600x900-1.jpg\",\"width\":600,\"height\":900},{\"@type\":\"BreadcrumbList\",\"@id\":\"https:\\\/\\\/miradorio.com\\\/en\\\/producto\\\/tussio-2022-igp-vinos-de-la-costa-de-cantabria\\\/#breadcrumb\",\"itemListElement\":[{\"@type\":\"ListItem\",\"position\":1,\"name\":\"Home\",\"item\":\"https:\\\/\\\/miradorio.com\\\/en\\\/\"},{\"@type\":\"ListItem\",\"position\":2,\"name\":\"Shop\",\"item\":\"https:\\\/\\\/miradorio.com\\\/en\\\/shop\\\/\"},{\"@type\":\"ListItem\",\"position\":3,\"name\":\"Tussio 2022 &#8211; IGP Vinos de la Costa De Cantabria\"}]},{\"@type\":\"WebSite\",\"@id\":\"https:\\\/\\\/miradorio.com\\\/en\\\/#website\",\"url\":\"https:\\\/\\\/miradorio.com\\\/en\\\/\",\"name\":\"Bodegas Miradorio\",\"description\":\"Bodegas Miradorio\",\"publisher\":{\"@id\":\"https:\\\/\\\/miradorio.com\\\/en\\\/#organization\"},\"potentialAction\":[{\"@type\":\"SearchAction\",\"target\":{\"@type\":\"EntryPoint\",\"urlTemplate\":\"https:\\\/\\\/miradorio.com\\\/en\\\/?s={search_term_string}\"},\"query-input\":{\"@type\":\"PropertyValueSpecification\",\"valueRequired\":true,\"valueName\":\"search_term_string\"}}],\"inLanguage\":\"en-US\"},{\"@type\":\"Organization\",\"@id\":\"https:\\\/\\\/miradorio.com\\\/en\\\/#organization\",\"name\":\"Bodegas Miradorio\",\"url\":\"https:\\\/\\\/miradorio.com\\\/en\\\/\",\"logo\":{\"@type\":\"ImageObject\",\"inLanguage\":\"en-US\",\"@id\":\"https:\\\/\\\/miradorio.com\\\/en\\\/#\\\/schema\\\/logo\\\/image\\\/\",\"url\":\"https:\\\/\\\/miradorio.com\\\/wp-content\\\/uploads\\\/2023\\\/10\\\/logo-miradorio-retina-gris.svg\",\"contentUrl\":\"https:\\\/\\\/miradorio.com\\\/wp-content\\\/uploads\\\/2023\\\/10\\\/logo-miradorio-retina-gris.svg\",\"caption\":\"Bodegas Miradorio\"},\"image\":{\"@id\":\"https:\\\/\\\/miradorio.com\\\/en\\\/#\\\/schema\\\/logo\\\/image\\\/\"}}]}<\/script>\n<!-- \/ Yoast SEO plugin. -->","yoast_head_json":{"title":"Tussio 2022 - IGP Vinos de la Costa De Cantabria - Bodegas Miradorio","robots":{"index":"index","follow":"follow","max-snippet":"max-snippet:-1","max-image-preview":"max-image-preview:large","max-video-preview":"max-video-preview:-1"},"canonical":"https:\/\/miradorio.com\/en\/producto\/tussio-2022-igp-vinos-de-la-costa-de-cantabria\/","og_locale":"en_US","og_type":"article","og_title":"Tussio 2022 - IGP Vinos de la Costa De Cantabria - Bodegas Miradorio","og_description":"Tussio GRAPE VARIETIES: Albari\u00f1o and Hondarrabi Zuri | Vintage: 2022 | Designation: IGP Costa de Cantabria Wines | Winery: Miradorio  Tuss\u00edo is the result of a combination of our Hondarrabi Zuri and Albari\u00f1o grape varieties. Once again, the influence of the Cantabrian Sea creates a fresh and aromatic wine with a bright colour, which leaves its mark on our palate.  Ageing: young wine","og_url":"https:\/\/miradorio.com\/en\/producto\/tussio-2022-igp-vinos-de-la-costa-de-cantabria\/","og_site_name":"Bodegas Miradorio","article_modified_time":"2023-11-29T15:43:39+00:00","og_image":[{"width":600,"height":900,"url":"https:\/\/miradorio.com\/wp-content\/uploads\/2021\/07\/tussio-2020-600x900-1.jpg","type":"image\/jpeg"}],"twitter_card":"summary_large_image","twitter_misc":{"Est. reading time":"2 minutes"},"schema":{"@context":"https:\/\/schema.org","@graph":[{"@type":"WebPage","@id":"https:\/\/miradorio.com\/en\/producto\/tussio-2022-igp-vinos-de-la-costa-de-cantabria\/","url":"https:\/\/miradorio.com\/en\/producto\/tussio-2022-igp-vinos-de-la-costa-de-cantabria\/","name":"Tussio 2022 - IGP Vinos de la Costa De Cantabria - Bodegas Miradorio","isPartOf":{"@id":"https:\/\/miradorio.com\/en\/#website"},"primaryImageOfPage":{"@id":"https:\/\/miradorio.com\/en\/producto\/tussio-2022-igp-vinos-de-la-costa-de-cantabria\/#primaryimage"},"image":{"@id":"https:\/\/miradorio.com\/en\/producto\/tussio-2022-igp-vinos-de-la-costa-de-cantabria\/#primaryimage"},"thumbnailUrl":"https:\/\/miradorio.com\/wp-content\/uploads\/2021\/07\/tussio-2020-600x900-1.jpg","datePublished":"2021-07-15T07:14:29+00:00","dateModified":"2023-11-29T15:43:39+00:00","breadcrumb":{"@id":"https:\/\/miradorio.com\/en\/producto\/tussio-2022-igp-vinos-de-la-costa-de-cantabria\/#breadcrumb"},"inLanguage":"en-US","potentialAction":[{"@type":"ReadAction","target":["https:\/\/miradorio.com\/en\/producto\/tussio-2022-igp-vinos-de-la-costa-de-cantabria\/"]}]},{"@type":"ImageObject","inLanguage":"en-US","@id":"https:\/\/miradorio.com\/en\/producto\/tussio-2022-igp-vinos-de-la-costa-de-cantabria\/#primaryimage","url":"https:\/\/miradorio.com\/wp-content\/uploads\/2021\/07\/tussio-2020-600x900-1.jpg","contentUrl":"https:\/\/miradorio.com\/wp-content\/uploads\/2021\/07\/tussio-2020-600x900-1.jpg","width":600,"height":900},{"@type":"BreadcrumbList","@id":"https:\/\/miradorio.com\/en\/producto\/tussio-2022-igp-vinos-de-la-costa-de-cantabria\/#breadcrumb","itemListElement":[{"@type":"ListItem","position":1,"name":"Home","item":"https:\/\/miradorio.com\/en\/"},{"@type":"ListItem","position":2,"name":"Shop","item":"https:\/\/miradorio.com\/en\/shop\/"},{"@type":"ListItem","position":3,"name":"Tussio 2022 &#8211; IGP Vinos de la Costa De Cantabria"}]},{"@type":"WebSite","@id":"https:\/\/miradorio.com\/en\/#website","url":"https:\/\/miradorio.com\/en\/","name":"Bodegas Miradorio","description":"Bodegas Miradorio","publisher":{"@id":"https:\/\/miradorio.com\/en\/#organization"},"potentialAction":[{"@type":"SearchAction","target":{"@type":"EntryPoint","urlTemplate":"https:\/\/miradorio.com\/en\/?s={search_term_string}"},"query-input":{"@type":"PropertyValueSpecification","valueRequired":true,"valueName":"search_term_string"}}],"inLanguage":"en-US"},{"@type":"Organization","@id":"https:\/\/miradorio.com\/en\/#organization","name":"Bodegas Miradorio","url":"https:\/\/miradorio.com\/en\/","logo":{"@type":"ImageObject","inLanguage":"en-US","@id":"https:\/\/miradorio.com\/en\/#\/schema\/logo\/image\/","url":"https:\/\/miradorio.com\/wp-content\/uploads\/2023\/10\/logo-miradorio-retina-gris.svg","contentUrl":"https:\/\/miradorio.com\/wp-content\/uploads\/2023\/10\/logo-miradorio-retina-gris.svg","caption":"Bodegas Miradorio"},"image":{"@id":"https:\/\/miradorio.com\/en\/#\/schema\/logo\/image\/"}}]}},"_links":{"self":[{"href":"https:\/\/miradorio.com\/en\/wp-json\/wp\/v2\/product\/1908","targetHints":{"allow":["GET"]}}],"collection":[{"href":"https:\/\/miradorio.com\/en\/wp-json\/wp\/v2\/product"}],"about":[{"href":"https:\/\/miradorio.com\/en\/wp-json\/wp\/v2\/types\/product"}],"wp:featuredmedia":[{"embeddable":true,"href":"https:\/\/miradorio.com\/en\/wp-json\/wp\/v2\/media\/1909"}],"wp:attachment":[{"href":"https:\/\/miradorio.com\/en\/wp-json\/wp\/v2\/media?parent=1908"}],"wp:term":[{"taxonomy":"product_brand","embeddable":true,"href":"https:\/\/miradorio.com\/en\/wp-json\/wp\/v2\/product_brand?post=1908"},{"taxonomy":"product_cat","embeddable":true,"href":"https:\/\/miradorio.com\/en\/wp-json\/wp\/v2\/product_cat?post=1908"},{"taxonomy":"product_tag","embeddable":true,"href":"https:\/\/miradorio.com\/en\/wp-json\/wp\/v2\/product_tag?post=1908"}],"curies":[{"name":"wp","href":"https:\/\/api.w.org\/{rel}","templated":true}]}}